{"id":1923,"date":"2016-04-13T11:18:35","date_gmt":"2016-04-13T09:18:35","guid":{"rendered":"https:\/\/fotoursus.pl\/?page_id=1923"},"modified":"2026-02-26T12:14:53","modified_gmt":"2026-02-26T11:14:53","slug":"oferta-i-ceny","status":"publish","type":"page","link":"https:\/\/fotoursus.pl\/en\/sesje-zdjeciowe\/oferta-slubna\/zdjecia-slubne\/oferta-i-ceny\/","title":{"rendered":"Photography offer"},"content":{"rendered":"If you dream of unique wedding photos that you&#8217;ll fall in love with at first sight, you couldn&#8217;t have come to a better place! We create sessions not only with today in mind, but also with future generations in mind.<\/p>\n<p>We are a team of professional photographers and cinematographers. All members of our team have also completed the liturgical course for wedding photographers, run by the Metropolitan Curia. Let&#8217;s get to know each other!<\/p>\n<p>Besides wedding reportage, we also love outdoor sessions \u2013 come, see, fall in love, and call us today!<\/p>\n<p>Tell us about your wedding \u2013 call or write to us! :-)<\/p>\n<hr>\n<p><img loading=\"lazy\" decoding=\"async\" class=\"aligncenter img-responsive\" title=\"\" src=\"https:\/\/fotoursus.pl\/wp-content\/uploads\/2016\/04\/ofertavideo_baner3.jpg\" alt=\"\" width=\"1050\" height=\"120\"><\/p>\n<table id=\"oferta-cennik\" class=\"oferta\" style=\"width: 100%; height: 468px;\">\n<thead>\n<tr style=\"height: 15px;\">\n<th style=\"height: 24px;\">&nbsp;<\/th>\n<th style=\"width: 160px; height: 24px;\">&nbsp;<\/th>\n<th class=\"white\" style=\"width: 195px; border-radius: 10px 10px 0px 0px; height: 24px;\">&nbsp;<\/th>\n<th style=\"width: 160px; height: 24px;\">&nbsp;<\/th>\n<\/tr>\n<tr style=\"height: 36px;\">\n<th style=\"height: 36px;\">Zdj\u0119cia \u015blubne 2026\/2027<\/th>\n<th class=\"light\" style=\"width: 160px; height: 36px;\">Pakiet Pierwszy<\/th>\n<th class=\"white\" style=\"width: 195px; height: 36px;\"><span style=\"font-size: 18pt; color: #4a2e10;\">Pakiet Drugi<\/span><\/th>\n<th class=\"light\" style=\"width: 160px; height: 36px;\">Pakiet Trzeci<\/th>\n<\/tr>\n<\/thead>\n<tbody>\n<tr style=\"height: 36px;\">\n<td style=\"height: 36px;\">12 godzinny reporta\u017c<\/td>\n<td class=\"light\" style=\"height: 36px;\"><span style=\"font-size: 18pt;\"><strong>+<\/strong><\/span><\/td>\n<td class=\"white\" style=\"height: 36px;\"><span style=\"font-size: 18pt;\"><strong>+<\/strong><\/span><\/td>\n<td class=\"light\" style=\"height: 36px;\"><span style=\"font-size: 18pt;\"><strong>+<\/strong><\/span><\/td>\n<\/tr>\n<tr style=\"height: 36px;\">\n<td style=\"height: 36px;\">Sesja rodzinna w dniu \u015blubu<\/td>\n<td class=\"light\" style=\"height: 36px;\"><span style=\"font-size: 18pt;\"><strong>+<\/strong><\/span><\/td>\n<td class=\"white\" style=\"height: 36px;\"><span style=\"font-size: 18pt;\"><strong>+<\/strong><\/span><\/td>\n<td class=\"light\" style=\"height: 36px;\"><span style=\"font-size: 18pt;\"><strong>+<\/strong><\/span><\/td>\n<\/tr>\n<tr style=\"height: 48px;\">\n<td style=\"height: 48px;\">Sesja plenerowa innego dnia<\/td>\n<td class=\"light\" style=\"height: 48px;\"><span style=\"font-size: 18pt;\"><strong>&#8211;<\/strong><\/span><\/td>\n<td class=\"white\" style=\"height: 48px;\"><strong>1 miejsce<br \/>\n<\/strong>(40 zdj\u0119\u0107, 1,5 godz.)<\/td>\n<td class=\"light\" style=\"height: 48px;\"><strong>2 miejsca<br \/>\n<\/strong>(70 zdj\u0119\u0107, 2,5 godz.)<\/td>\n<\/tr>\n<tr style=\"height: 24px;\">\n<td style=\"height: 24px;\">Liczba zdj\u0119\u0107<\/td>\n<td class=\"light\" style=\"height: 24px;\"><strong>200<\/strong><\/td>\n<td class=\"white\" style=\"height: 24px;\"><strong>400<\/strong><\/td>\n<td class=\"light\" style=\"height: 24px;\"><strong>600<\/strong><\/td>\n<\/tr>\n<tr style=\"height: 36px;\">\n<td style=\"height: 36px;\">Pendrive w eleganckim pude\u0142ku<\/td>\n<td class=\"light\" style=\"height: 36px;\"><strong>1<\/strong><\/td>\n<td class=\"white\" style=\"height: 36px;\"><strong>2<\/strong><\/td>\n<td class=\"light\" style=\"height: 36px;\"><b>3<\/b><\/td>\n<\/tr>\n<tr style=\"height: 24px;\">\n<td style=\"height: 24px;\">Liczba odbitek<\/td>\n<td class=\"light\" style=\"height: 24px;\"><strong>50 odbitek<\/strong>&nbsp;15x21cm<\/td>\n<td class=\"white\" style=\"height: 24px;\"><strong>100 odbitek<\/strong>&nbsp;15x21cm<\/td>\n<td class=\"light\" style=\"height: 24px;\"><strong>150 odbitek<\/strong>&nbsp;15x21cm<\/td>\n<\/tr>\n<tr style=\"height: 36px;\">\n<td style=\"height: 36px;\">Galeria online z has\u0142em&nbsp;<\/td>\n<td class=\"light\" style=\"height: 36px;\"><span style=\"font-size: 18pt;\"><strong>+<\/strong><\/span><\/td>\n<td class=\"white\" style=\"height: 36px;\"><span style=\"font-size: 18pt;\"><strong>+<\/strong><\/span><\/td>\n<td class=\"light\" style=\"height: 36px;\"><span style=\"font-size: 18pt;\"><strong>+<\/strong><\/span><\/td>\n<\/tr>\n<tr style=\"height: 24px;\">\n<td style=\"height: 24px;\">Termin otrzymania gotowych zdj\u0119\u0107<\/td>\n<td class=\"light\" style=\"height: 24px;\">do 45 dni<\/td>\n<td class=\"white\" style=\"height: 24px;\">do 45 dni<\/td>\n<td class=\"light\" style=\"height: 24px;\">do 45 dni<\/td>\n<\/tr>\n<tr style=\"height: 96px;\">\n<td style=\"height: 96px;\">Cena<\/td>\n<td class=\"light\" style=\"height: 96px;\"><div class=\"rounded yellow\"><span class=\"lbl\">Cena<\/span><span class=\"txt\">3450 z\u0142<\/span><\/div><\/td>\n<td class=\"white\" style=\"height: 96px;\"><div class=\"rounded brown\"><span class=\"lbl\">Cena<\/span><span class=\"txt\">3950 z\u0142<\/span><\/div><\/td>\n<td class=\"light\" style=\"height: 96px;\"><div class=\"rounded yellow\"><span class=\"lbl\">Cena<\/span><span class=\"txt\">4450 z\u0142<\/span><\/div><\/td>\n<\/tr>\n<tr style=\"height: 24px;\">\n<td style=\"height: 24px;\">Opcjonalnie: wszystkie wykonane zdj\u0119cia<\/td>\n<td class=\"light\" style=\"height: 24px;\">+1000 z\u0142<\/td>\n<td class=\"white\" style=\"border-bottom: 0px; height: 24px;\">+1000 z\u0142<\/td>\n<td class=\"light\" style=\"height: 24px;\">+1000 z\u0142<\/td>\n<\/tr>\n<tr style=\"height: 15px;\">\n<td style=\"height: 24px;\">Dodatkowo w prezencie Panna M\u0142oda otrzyma od nas zdj\u0119cia do wszystkich dokument\u00f3w, kt\u00f3re b\u0119dzie wymienia\u0142a!<\/td>\n<td style=\"width: 160px; height: 24px;\">&nbsp;<\/td>\n<td class=\"white\" style=\"width: 195px; border-radius: 0px 0px 10px 10px; height: 24px;\">&nbsp;<\/td>\n<td style=\"width: 160px; height: 24px;\">&nbsp;<\/td>\n<\/tr>\n<\/tbody>\n<\/table>\n<div class=\"download-pdf\">\n<p style=\"text-align: center;\"><a href=\"https:\/\/fotoursus.pl\/oferta_slubna_fotoursus.pdf\" target=\"_blank\" rel=\"noopener\">Pobierz ofert\u0119 w PDF<\/a><\/p>\n<\/div>\n<hr>\n<p style=\"text-align: center;\"><span style=\"font-size: 14pt;\"><strong><span style=\"color: #a1833d;\">Co jeszcze mo\u017cemy dla Was zrobi\u0107?<\/span><\/strong><\/span><\/p>\n<table class=\"oferta\" style=\"width: 100%; margin-top: 30px; height: 285px;\">\n<thead>\n<tr style=\"height: 45px;\">\n<th class=\"light\" style=\"height: 41px;\" colspan=\"3\"><span style=\"color: #a1833d;\">przed weselem<\/span><\/th>\n<\/tr>\n<\/thead>\n<tbody>\n<tr style=\"height: 148px;\">\n<td class=\"light\" style=\"text-align: center; height: 148px;\"><img loading=\"lazy\" decoding=\"async\" class=\"alignnone wp-image-35742 size-full\" src=\"https:\/\/fotoursus.pl\/wp-content\/uploads\/2016\/04\/ofertafoto_wiecejzdjec.png\" alt=\"\" width=\"142\" height=\"142\"><\/td>\n<td class=\"light\" style=\"text-align: center; height: 148px;\">&nbsp;&nbsp;<img loading=\"lazy\" decoding=\"async\" class=\"alignnone size-full wp-image-26086\" src=\"https:\/\/fotoursus.pl\/wp-content\/uploads\/2016\/04\/ofertaslubna_podziekowania.png\" alt=\"ofertaslubna_podziekowania\" width=\"142\" height=\"142\"><\/td>\n<td class=\"light\" style=\"text-align: center; height: 148px;\"><img loading=\"lazy\" decoding=\"async\" class=\"alignnone size-full wp-image-26135\" src=\"https:\/\/fotoursus.pl\/wp-content\/uploads\/2016\/04\/ofertafoto_panienski.png\" alt=\"ofertafoto_panienski\" width=\"142\" height=\"142\"><\/td>\n<\/tr>\n<tr style=\"height: 24px;\">\n<td class=\"light\" style=\"text-align: center; vertical-align: top; height: 24px;\"><span style=\"color: #a1833d; font-size: 12pt;\"><b>wi\u0119cej zdj\u0119\u0107<\/b><\/span><\/td>\n<td class=\"light\" style=\"text-align: center; vertical-align: top; height: 24px;\"><span style=\"color: #a1833d; font-size: 12pt;\"><b>sesja narzecze\u0144ska<\/b><\/span><\/td>\n<td class=\"light\" style=\"text-align: center; vertical-align: top; height: 24px;\"><strong><span style=\"color: #a1833d; font-size: 12pt;\">sesja na wieczorze panie\u0144skim<\/span><\/strong><\/td>\n<\/tr>\n<tr style=\"height: 48px;\">\n<td class=\"light\" style=\"text-align: center; vertical-align: top; height: 48px;\">to jeszcze wi\u0119cej wspomnie\u0144!<br \/>\nDodaj 100 zdj\u0119\u0107 do swojego pakietu!<\/td>\n<td class=\"light\" style=\"text-align: center; vertical-align: top; height: 48px;\">15 wybranych<br \/>\nprzez Was zdj\u0119\u0107<\/td>\n<td class=\"light\" style=\"text-align: center; vertical-align: top; height: 48px;\">\u015bwietna atrakcja i pami\u0105tka,<br \/>\ndyskrecja gwarantowana!<\/td>\n<\/tr>\n<tr style=\"height: 24px;\">\n<td class=\"light\" style=\"text-align: center; vertical-align: top; height: 24px;\"><strong>350&nbsp;z\u0142<\/strong><\/td>\n<td class=\"light\" style=\"text-align: center; vertical-align: top; height: 24px;\"><strong>550 z\u0142<\/strong><\/td>\n<td class=\"light\" style=\"text-align: center; vertical-align: top; height: 24px;\"><strong>650 z\u0142<\/strong><\/td>\n<\/tr>\n<\/tbody>\n<\/table>\n<p>&nbsp;<\/p>\n<table class=\"oferta-rwd\" style=\"width: 100%;\">\n<tbody>\n<tr>\n<td style=\"text-align: center;\"><span style=\"color: #a1833d;\"><b>przed weselem<\/b><\/span><\/td>\n<\/tr>\n<tr>\n<td><img loading=\"lazy\" decoding=\"async\" class=\"wp-image-35742 size-full aligncenter\" src=\"https:\/\/fotoursus.pl\/wp-content\/uploads\/2016\/04\/ofertafoto_wiecejzdjec.png\" alt=\"\" width=\"142\" height=\"142\"><\/p>\n<p style=\"text-align: center;\"><span style=\"color: #a1833d;\"><b>wi\u0119cej<br \/>\nzdj\u0119\u0107<\/b><\/span><\/p>\n<p style=\"text-align: center;\">to jeszcze wi\u0119cej wspomnie\u0144!<br \/>\nDodaj 100 zdj\u0119\u0107 do swojego pakietu!<\/p>\n<p style=\"text-align: center;\"><strong>350&nbsp;z\u0142<\/strong><\/p>\n<\/td>\n<\/tr>\n<tr>\n<td><img loading=\"lazy\" decoding=\"async\" class=\"alignnone size-full wp-image-26086 aligncenter\" src=\"https:\/\/fotoursus.pl\/wp-content\/uploads\/2016\/04\/ofertaslubna_podziekowania.png\" alt=\"ofertaslubna_podziekowania\" width=\"142\" height=\"142\"><\/p>\n<p style=\"text-align: center;\"><strong><span style=\"color: #a1833d; font-size: 12pt;\">sesja<br \/>\nnarzecze\u0144ska<\/span><\/strong><\/p>\n<p style=\"text-align: center;\">15 wybranych<br \/>\nprzez Was zdj\u0119\u0107<\/p>\n<p style=\"text-align: center;\"><strong>550 z\u0142<\/strong><\/p>\n<\/td>\n<\/tr>\n<tr>\n<td><img loading=\"lazy\" decoding=\"async\" class=\"alignnone size-full wp-image-26135 aligncenter\" src=\"https:\/\/fotoursus.pl\/wp-content\/uploads\/2016\/04\/ofertafoto_panienski.png\" alt=\"ofertafoto_panienski\" width=\"142\" height=\"142\"><\/p>\n<p style=\"text-align: center;\"><span style=\"color: #a1833d;\"><b>sesja na wieczorze<br \/>\npanie\u0144skim<\/b><\/span><\/p>\n<p style=\"text-align: center;\">\u015bwietna atrakcja i pami\u0105tka,<br \/>\ndyskrecja gwarantowana!<\/p>\n<p style=\"text-align: center;\"><strong>650 z\u0142<\/strong><\/p>\n<\/td>\n<\/tr>\n<\/tbody>\n<\/table>\n<table class=\"oferta\" style=\"width: 100%; margin-top: 30px;\">\n<thead>\n<tr style=\"height: 45px;\">\n<th class=\"light\" style=\"width: 99.4207%;\" colspan=\"2\"><span style=\"color: #a1833d;\">w dniu \u015blubu<\/span><\/th>\n<\/tr>\n<\/thead>\n<tbody>\n<tr>\n<td class=\"light\" style=\"text-align: center; width: 58.798%;\"><img loading=\"lazy\" decoding=\"async\" class=\"alignnone size-full wp-image-26130\" src=\"https:\/\/fotoursus.pl\/wp-content\/uploads\/2016\/04\/ofertafoto_drugifoto.png\" alt=\"ofertafoto_drugifoto\" width=\"142\" height=\"142\"><\/td>\n<td class=\"light\" style=\"text-align: center; width: 40.6227%;\">&nbsp;&nbsp;<img loading=\"lazy\" decoding=\"async\" class=\"alignnone size-full wp-image-26131\" src=\"https:\/\/fotoursus.pl\/wp-content\/uploads\/2016\/04\/ofertafoto_fotoobrazy.png\" alt=\"ofertafoto_fotoobrazy\" width=\"142\" height=\"142\"><\/td>\n<\/tr>\n<tr>\n<td class=\"light\" style=\"text-align: center; vertical-align: top; width: 58.798%;\"><strong><span style=\"color: #a1833d; font-size: 12pt;\">&nbsp;drugi fotograf<\/span><\/strong><\/td>\n<td class=\"light\" style=\"text-align: center; vertical-align: top; width: 40.6227%;\"><strong><span style=\"color: #a1833d; font-size: 12pt;\">fotobrazy dla rodzic\u00f3w<\/span><\/strong><\/td>\n<\/tr>\n<tr>\n<td class=\"light\" style=\"text-align: center; vertical-align: top; width: 58.798%;\">polecamy przy weselach<br \/>\npowy\u017cej 150 os\u00f3b<\/td>\n<td class=\"light\" style=\"text-align: center; vertical-align: top; width: 40.6227%;\">ze zdj\u0119ciem wykonanym<br \/>\nw dniu \u015blubu lub wcze\u015bniej<\/td>\n<\/tr>\n<tr>\n<td class=\"light\" style=\"text-align: center; vertical-align: top; width: 58.798%;\"><strong>900&nbsp;z\u0142<\/strong><\/td>\n<td class=\"light\" style=\"text-align: center; vertical-align: top; width: 40.6227%;\"><strong>170 z\u0142 za sztuk\u0119<\/strong><\/td>\n<\/tr>\n<\/tbody>\n<\/table>\n<p>&nbsp;<\/p>\n<table class=\"oferta-rwd\" style=\"width: 100%; margin-top: 30px;\">\n<tbody>\n<tr>\n<td style=\"text-align: center;\"><strong><span style=\"color: #a1833d;\">w dniu \u015blubu<\/span><\/strong><\/td>\n<\/tr>\n<tr>\n<td><img loading=\"lazy\" decoding=\"async\" class=\"alignnone size-full wp-image-26130 aligncenter\" src=\"https:\/\/fotoursus.pl\/wp-content\/uploads\/2016\/04\/ofertafoto_drugifoto.png\" alt=\"ofertafoto_drugifoto\" width=\"142\" height=\"142\"><\/p>\n<p style=\"text-align: center;\"><strong><span style=\"color: #a1833d; font-size: 12pt;\">drugi fotograf<\/span><\/strong><\/p>\n<p style=\"text-align: center;\">we recommend it on wedding<br \/>\nwhere number of guests exceed 150 people<\/p>\n<p style=\"text-align: center;\"><strong>900&nbsp;z\u0142<\/strong><\/p>\n<\/td>\n<\/tr>\n<tr>\n<td><img loading=\"lazy\" decoding=\"async\" class=\"alignnone size-full wp-image-26131 aligncenter\" src=\"https:\/\/fotoursus.pl\/wp-content\/uploads\/2016\/04\/ofertafoto_fotoobrazy.png\" alt=\"ofertafoto_fotoobrazy\" width=\"142\" height=\"142\"><\/p>\n<p style=\"text-align: center;\"><strong><span style=\"color: #a1833d; font-size: 12pt;\">fotoobrazy dla rodzic\u00f3w<br \/>\n<\/span><\/strong><\/p>\n<p style=\"text-align: center;\">ze zdj\u0119ciem wykonanym<br \/>\nw dniu \u015blubu lub wcze\u015bniej<\/p>\n<p style=\"text-align: center;\"><strong>170&nbsp;z\u0142 za sztuk\u0119<\/strong><\/p>\n<\/td>\n<\/tr>\n<\/tbody>\n<\/table>\n<table class=\"oferta\" style=\"width: 100%; margin-top: 30px; height: 270px;\">\n<thead>\n<tr style=\"height: 45px;\">\n<th class=\"light\" style=\"height: 41px;\" colspan=\"4\"><span style=\"color: #a1833d;\">po \u015blubie<\/span><\/th>\n<\/tr>\n<\/thead>\n<tbody>\n<tr style=\"height: 148px;\">\n<td class=\"light\" style=\"text-align: center; height: 148px;\"><img loading=\"lazy\" decoding=\"async\" class=\"alignnone size-full wp-image-26129\" src=\"https:\/\/fotoursus.pl\/wp-content\/uploads\/2016\/04\/ofertafoto_album.png\" alt=\"ofertafoto_album\" width=\"142\" height=\"142\"><\/td>\n<td class=\"light\" style=\"text-align: center; height: 148px;\">&nbsp;&nbsp;<img loading=\"lazy\" decoding=\"async\" class=\"alignnone size-full wp-image-26127\" src=\"https:\/\/fotoursus.pl\/wp-content\/uploads\/2016\/04\/ofertafoto_3albumy.png\" alt=\"ofertafoto_3albumy\" width=\"142\" height=\"142\"><\/td>\n<td class=\"light\" style=\"text-align: center; height: 148px;\"><img loading=\"lazy\" decoding=\"async\" class=\"alignnone size-full wp-image-26132\" src=\"https:\/\/fotoursus.pl\/wp-content\/uploads\/2016\/04\/ofertafoto_ksiazka.png\" alt=\"ofertafoto_ksiazka\" width=\"142\" height=\"142\"><\/td>\n<td class=\"light\" style=\"text-align: center; height: 148px;\"><img loading=\"lazy\" decoding=\"async\" class=\"alignnone size-full wp-image-26128\" src=\"https:\/\/fotoursus.pl\/wp-content\/uploads\/2016\/04\/ofertafoto_3ksiazki.png\" alt=\"ofertafoto_3ksiazki\" width=\"142\" height=\"142\"><\/td>\n<\/tr>\n<tr style=\"height: 24px;\">\n<td class=\"light\" style=\"text-align: center; vertical-align: top; height: 24px;\"><strong><span style=\"color: #a1833d; font-size: 12pt;\">album dla Was<\/span><\/strong><\/td>\n<td class=\"light\" style=\"text-align: center; vertical-align: top; height: 24px;\"><strong><span style=\"color: #a1833d; font-size: 12pt;\">pakiet trzech album\u00f3w<\/span><\/strong><\/td>\n<td class=\"light\" style=\"text-align: center; vertical-align: top; height: 24px;\"><strong><span style=\"color: #a1833d; font-size: 12pt;\">fotoksi\u0105\u017cka<\/span><\/strong><\/td>\n<td class=\"light\" style=\"text-align: center; vertical-align: top; height: 24px;\"><strong><span style=\"color: #a1833d; font-size: 12pt;\">pakiet trzech fotoksi\u0105\u017cek<\/span><\/strong><\/td>\n<\/tr>\n<tr style=\"height: 33px;\">\n<td class=\"light\" style=\"text-align: center; vertical-align: top; height: 33px;\">klasyczny i pi\u0119kny,<br \/>\nidealny do odbitek z Waszego pakietu<\/td>\n<td class=\"light\" style=\"text-align: center; vertical-align: top; height: 33px;\">jeden na 100 zdj\u0119\u0107 15&#215;21 z pakietu<br \/>\ndwa na 60 zdj\u0119\u0107 15&#215;21<\/td>\n<td class=\"light\" style=\"text-align: center; vertical-align: top; height: 33px;\">30&#215;30 cm, 10 rozk\u0142ad\u00f3wek<br \/>\ngrube karty<\/td>\n<td class=\"light\" style=\"text-align: center; vertical-align: top; height: 33px;\">jedna 30&#215;30 cm, 10 rozk\u0142ad\u00f3wek<br \/>\ndwie 20&#215;20 cm, 10 rozk\u0142ad\u00f3wek<\/td>\n<\/tr>\n<tr style=\"height: 24px;\">\n<td class=\"light\" style=\"text-align: center; vertical-align: top; height: 24px;\"><strong>185 z\u0142<\/strong><\/td>\n<td class=\"light\" style=\"text-align: center; vertical-align: top; height: 24px;\"><strong>765 z\u0142<\/strong><\/td>\n<td class=\"light\" style=\"text-align: center; vertical-align: top; height: 24px;\"><strong>545 z\u0142<\/strong><\/td>\n<td class=\"light\" style=\"text-align: center; vertical-align: top; height: 24px;\"><strong>975 z\u0142<\/strong><\/td>\n<\/tr>\n<\/tbody>\n<\/table>\n<p>&nbsp;<\/p>\n<table class=\"oferta-rwd\" style=\"width: 100%; margin-top: 30px; height: 1302px;\">\n<tbody>\n<tr style=\"height: 24px;\">\n<td style=\"text-align: center; height: 24px;\"><span style=\"color: #a1833d;\"><b>po \u015blubie<\/b><\/span><\/td>\n<\/tr>\n<tr style=\"height: 318px;\">\n<td style=\"height: 318px;\"><img loading=\"lazy\" decoding=\"async\" class=\"alignnone size-full wp-image-26129 aligncenter\" src=\"https:\/\/fotoursus.pl\/wp-content\/uploads\/2016\/04\/ofertafoto_album.png\" alt=\"ofertafoto_album\" width=\"142\" height=\"142\"><\/p>\n<p style=\"text-align: center;\"><strong><span style=\"color: #a1833d; font-size: 12pt;\">album dla Was<\/span><\/strong><\/p>\n<p style=\"text-align: center;\">traditional and beatifull<br \/>\nperfect for prints from your package<\/p>\n<p style=\"text-align: center;\"><strong>185 z\u0142<\/strong><\/p>\n<\/td>\n<\/tr>\n<tr style=\"height: 318px;\">\n<td style=\"height: 318px;\"><img loading=\"lazy\" decoding=\"async\" class=\"alignnone size-full wp-image-26127 aligncenter\" src=\"https:\/\/fotoursus.pl\/wp-content\/uploads\/2016\/04\/ofertafoto_3albumy.png\" alt=\"ofertafoto_3albumy\" width=\"142\" height=\"142\"><\/p>\n<p style=\"text-align: center;\"><strong><span style=\"color: #a1833d; font-size: 12pt;\">pakiet trzech album\u00f3w<\/span><\/strong><\/p>\n<p style=\"text-align: center;\">jeden na 100 zdj\u0119\u0107 15&#215;21 z pakietu<br \/>\ndwa na 60 zdj\u0119\u0107 15&#215;21<\/p>\n<p style=\"text-align: center;\"><strong>765 z\u0142<\/strong><\/p>\n<\/td>\n<\/tr>\n<tr style=\"height: 318px;\">\n<td style=\"height: 318px;\"><img loading=\"lazy\" decoding=\"async\" class=\"alignnone size-full wp-image-26132 aligncenter\" src=\"https:\/\/fotoursus.pl\/wp-content\/uploads\/2016\/04\/ofertafoto_ksiazka.png\" alt=\"ofertafoto_ksiazka\" width=\"142\" height=\"142\"><\/p>\n<p style=\"text-align: center;\"><strong><span style=\"color: #a1833d; font-size: 12pt;\">fotoksi\u0105\u017cka<\/span><\/strong><\/p>\n<p style=\"text-align: center;\">30&#215;30 cm, 10 rozk\u0142ad\u00f3wek<br \/>\ngrube karty<\/p>\n<p style=\"text-align: center;\"><strong>545 z\u0142<\/strong><\/p>\n<\/td>\n<\/tr>\n<tr style=\"height: 324px;\">\n<td style=\"height: 324px;\">\n<p style=\"text-align: center;\"><strong><span style=\"color: #a1833d; font-size: 12pt;\"><img loading=\"lazy\" decoding=\"async\" class=\"alignnone size-full wp-image-26128\" src=\"https:\/\/fotoursus.pl\/wp-content\/uploads\/2016\/04\/ofertafoto_3ksiazki.png\" alt=\"ofertafoto_3ksiazki\" width=\"142\" height=\"142\"><\/span><\/strong><\/p>\n<p style=\"text-align: center;\"><strong><span style=\"color: #a1833d; font-size: 12pt;\">pakiet trzech fotoksi\u0105\u017cek<\/span><\/strong><\/p>\n<p style=\"text-align: center;\">jedna 30&#215;30 cm, 10 rozk\u0142ad\u00f3wek<br \/>\ndwie 20&#215;20 cm, 10 rozk\u0142ad\u00f3wek<\/p>\n<p style=\"text-align: center;\"><strong>975 z\u0142<\/strong><\/p>\n<\/td>\n<\/tr>\n<\/tbody>\n<\/table>\n<hr>\n<p style=\"text-align: center;\">Najnowsze sesje na <strong><a href=\"https:\/\/www.facebook.com\/fotografia.sesja.slubna.ciazowa.dziecieca\/\" target=\"_blank\" rel=\"noopener\">f<\/a><a href=\"https:\/\/www.facebook.com\/fotografia.sesja.slubna.ciazowa.dziecieca\/\">acebooku<\/a><\/strong><br \/>\n<a href=\"https:\/\/fotoursus.pl\/kontakt\/\"><strong>Zadzwo\u0144<\/strong><\/a> lub <a href=\"mailto:fotograf@fotoursus.pl\"><strong>napisz do nas!<\/strong><\/a> :-)<\/p>","protected":false},"excerpt":{"rendered":"<p>If you dream of unique wedding photos that you&#8217;ll fall in love with at first sight, you couldn&#8217;t have come to a better place! We create sessions not only [&hellip;]<\/p>\n","protected":false},"author":1,"featured_media":0,"parent":96,"menu_order":28,"comment_status":"closed","ping_status":"closed","template":"template-page.php","meta":{"_acf_changed":false,"_monsterinsights_skip_tracking":false,"_monsterinsights_sitenote_active":false,"_monsterinsights_sitenote_note":"","_monsterinsights_sitenote_category":0,"ngg_post_thumbnail":0,"footnotes":""},"class_list":["post-1923","page","type-page","status-publish","hentry"],"acf":[],"_links":{"self":[{"href":"https:\/\/fotoursus.pl\/en\/wp-json\/wp\/v2\/pages\/1923","targetHints":{"allow":["GET"]}}],"collection":[{"href":"https:\/\/fotoursus.pl\/en\/wp-json\/wp\/v2\/pages"}],"about":[{"href":"https:\/\/fotoursus.pl\/en\/wp-json\/wp\/v2\/types\/page"}],"author":[{"embeddable":true,"href":"https:\/\/fotoursus.pl\/en\/wp-json\/wp\/v2\/users\/1"}],"replies":[{"embeddable":true,"href":"https:\/\/fotoursus.pl\/en\/wp-json\/wp\/v2\/comments?post=1923"}],"version-history":[{"count":135,"href":"https:\/\/fotoursus.pl\/en\/wp-json\/wp\/v2\/pages\/1923\/revisions"}],"predecessor-version":[{"id":225265,"href":"https:\/\/fotoursus.pl\/en\/wp-json\/wp\/v2\/pages\/1923\/revisions\/225265"}],"up":[{"embeddable":true,"href":"https:\/\/fotoursus.pl\/en\/wp-json\/wp\/v2\/pages\/96"}],"wp:attachment":[{"href":"https:\/\/fotoursus.pl\/en\/wp-json\/wp\/v2\/media?parent=1923"}],"curies":[{"name":"wp","href":"https:\/\/api.w.org\/{rel}","templated":true}]}}