{"id":1965,"date":"2016-04-13T11:43:51","date_gmt":"2016-04-13T09:43:51","guid":{"rendered":"https:\/\/fotoursus.pl\/?page_id=1965"},"modified":"2024-02-20T23:44:34","modified_gmt":"2024-02-20T22:44:34","slug":"teledyski","status":"publish","type":"page","link":"https:\/\/fotoursus.pl\/en\/sesje-zdjeciowe\/oferta-slubna\/film-slubny\/teledyski\/","title":{"rendered":"Music videos"},"content":{"rendered":"<h4>Wedding movies and music videos<\/h4>\n<p><strong>Recorded with newest version of high technology cameras&nbsp; and dynamic, modern editing \u2013 those are features that will make you, your family and friends delighted.<\/strong><\/p>\n<p>We always focus on naturalness and spontaneousnes, which we share with you. Thanks to that both wedding sessions and wedding movies are telling real stories about you and your profound love.<\/p>\n<p><strong>At the same price you will receive wedding clip, from which you will not be able to tear yourself away from!<\/strong><\/p>\n<p>A wedding clip is a shortcut of the whole day of your wedding \u2013 the most curious moments, special time, unrepeatable events \u2013 all the best things on that special day captured in a form of short movie with your favorite song playing in the background.<\/p>\n<hr>\n<div>\n<div><strong><strong>\u015alub i wesele w domu go\u015bcinnym Dw\u00f3r nad Stawek w Szymanowie &#8211; teledysk \u015blubny Ani i Marcina<br \/>\n<\/strong><\/strong><div style=\"width: 1920px;\" class=\"wp-video\"><video class=\"wp-video-shortcode\" id=\"video-1965-4\" width=\"1920\" height=\"1080\" preload=\"metadata\" controls=\"controls\"><source type=\"video\/mp4\" src=\"http:\/\/fotoursus.pl\/wp-content\/uploads\/2024\/02\/teledysk_dwor_nad_stawem.mp4?_=4\" \/><a href=\"http:\/\/fotoursus.pl\/wp-content\/uploads\/2024\/02\/teledysk_dwor_nad_stawem.mp4\">http:\/\/fotoursus.pl\/wp-content\/uploads\/2024\/02\/teledysk_dwor_nad_stawem.mp4<\/a><\/video><\/div>\n<\/div>\n<\/div>\n<div>&nbsp;<\/div>\n<div><strong>\u015alub i wesele w sali Cicha 23 &#8211; teledysk \u015blubny Oliwii i Micha\u0142a<\/strong><\/div>\n<div style=\"width: 1920px;\" class=\"wp-video\"><video class=\"wp-video-shortcode\" id=\"video-1965-5\" width=\"1920\" height=\"1080\" preload=\"metadata\" controls=\"controls\"><source type=\"video\/mp4\" src=\"http:\/\/fotoursus.pl\/wp-content\/uploads\/2024\/02\/teledysk_cicha23.mp4?_=5\" \/><a href=\"http:\/\/fotoursus.pl\/wp-content\/uploads\/2024\/02\/teledysk_cicha23.mp4\">http:\/\/fotoursus.pl\/wp-content\/uploads\/2024\/02\/teledysk_cicha23.mp4<\/a><\/video><\/div>\n<p><strong><br \/>\n\u015alub cywilny i wesele w Szklarni Grodzisk &#8211; teledysk \u015blubny Patrycji i Adriana<br \/>\n<\/strong><\/p>\n<div style=\"width: 1920px;\" class=\"wp-video\"><video class=\"wp-video-shortcode\" id=\"video-1965-6\" width=\"1920\" height=\"1080\" preload=\"metadata\" controls=\"controls\"><source type=\"video\/mp4\" src=\"http:\/\/fotoursus.pl\/wp-content\/uploads\/2024\/02\/teledysk_szklarnia_grodzisk.mp4?_=6\" \/><a href=\"http:\/\/fotoursus.pl\/wp-content\/uploads\/2024\/02\/teledysk_szklarnia_grodzisk.mp4\">http:\/\/fotoursus.pl\/wp-content\/uploads\/2024\/02\/teledysk_szklarnia_grodzisk.mp4<\/a><\/video><\/div>\n<p><strong>&nbsp;<\/strong>","protected":false},"excerpt":{"rendered":"<p>Wedding movies and music videos Recorded with newest version of high technology cameras&nbsp; and dynamic, modern editing \u2013 those are features that will make you, your family and friends [&hellip;]<\/p>\n","protected":false},"author":1,"featured_media":0,"parent":98,"menu_order":16,"comment_status":"closed","ping_status":"closed","template":"template-page.php","meta":{"_acf_changed":false,"_monsterinsights_skip_tracking":false,"_monsterinsights_sitenote_active":false,"_monsterinsights_sitenote_note":"","_monsterinsights_sitenote_category":0,"ngg_post_thumbnail":0,"footnotes":""},"class_list":["post-1965","page","type-page","status-publish","hentry"],"acf":[],"_links":{"self":[{"href":"https:\/\/fotoursus.pl\/en\/wp-json\/wp\/v2\/pages\/1965","targetHints":{"allow":["GET"]}}],"collection":[{"href":"https:\/\/fotoursus.pl\/en\/wp-json\/wp\/v2\/pages"}],"about":[{"href":"https:\/\/fotoursus.pl\/en\/wp-json\/wp\/v2\/types\/page"}],"author":[{"embeddable":true,"href":"https:\/\/fotoursus.pl\/en\/wp-json\/wp\/v2\/users\/1"}],"replies":[{"embeddable":true,"href":"https:\/\/fotoursus.pl\/en\/wp-json\/wp\/v2\/comments?post=1965"}],"version-history":[{"count":51,"href":"https:\/\/fotoursus.pl\/en\/wp-json\/wp\/v2\/pages\/1965\/revisions"}],"predecessor-version":[{"id":210696,"href":"https:\/\/fotoursus.pl\/en\/wp-json\/wp\/v2\/pages\/1965\/revisions\/210696"}],"up":[{"embeddable":true,"href":"https:\/\/fotoursus.pl\/en\/wp-json\/wp\/v2\/pages\/98"}],"wp:attachment":[{"href":"https:\/\/fotoursus.pl\/en\/wp-json\/wp\/v2\/media?parent=1965"}],"curies":[{"name":"wp","href":"https:\/\/api.w.org\/{rel}","templated":true}]}}