{"id":196728,"date":"2023-01-26T11:48:43","date_gmt":"2023-01-26T10:48:43","guid":{"rendered":"https:\/\/fotoursus.pl\/?page_id=196728"},"modified":"2025-01-13T11:00:18","modified_gmt":"2025-01-13T10:00:18","slug":"bal-8-klas-studniowka","status":"publish","type":"page","link":"https:\/\/fotoursus.pl\/en\/sesje-zdjeciowe\/bal-8-klas-studniowka\/","title":{"rendered":"Prom"},"content":{"rendered":"Bal Studni\u00f3wkowy&#8230; co\u017c to za wspania\u0142e wydarzenie! Kole\u017canki i koledzy z klasy tacy sami, ale jednak inni: wszyscy eleganccy i tacy od\u015bwi\u0119tni. Kto nie pami\u0119ta emocji, kt\u00f3re pojawiaj\u0105 si\u0119 w sercu wraz z wybrzmieniem pierwszych takt\u00f3w uroczystego poloneza? Przemowy, kwiaty, a potem parkiet rozgrzany do czerwono\u015bci &#8211; a\u017c chcia\u0142oby si\u0119 zapami\u0119ta\u0107 z tego wieczoru i nocy jak najwi\u0119cej!<\/p>\n<p>W tym celu powsta\u0142a poni\u017csza oferta &#8211; chcemy \u017ceby\u015bcie otrzymali wyj\u0105tkowe zdj\u0119cia i filmy z Balu Studni\u00f3wkowego lub Balu \u00d3smoklasisty. Ale nie takie zwyk\u0142e zdj\u0119cia! To ma by\u0107 reporta\u017c, kt\u00f3ry z u\u015bmiechem i emocjami b\u0119dziecie chcieli obejrze\u0107 dzi\u015b i za 30 lat! Zdj\u0119cia, kt\u00f3re z dum\u0105 b\u0119dzie mo\u017cna opublikowa\u0107 na Instagramie oraz pokaza\u0107 babci. No, mo\u017ce nie wszystkie ;-)&nbsp;<\/p>\n<p>Poni\u017cej znajduj\u0105 si\u0119 orientacyjne pakiety zdj\u0119\u0107 studni\u00f3wkowych oraz na Balu 8-klas. Ostateczna cena, liczba zdj\u0119\u0107 oraz czas pracy zale\u017cy od Was. Wp\u0142ywa na niego liczba uczni\u00f3w oraz sam przebieg uroczysto\u015bci. Dlatego najlepiej od razu zadzwo\u0144 porozmawia\u0107 lub napisz o szczeg\u00f3\u0142ach Waszego balu! Ch\u0119tnie przyjedziemy z prezentacj\u0105 do szko\u0142y, a je\u015bli wolisz mo\u017cemy podpisa\u0107 umow\u0119 on-line.&nbsp;<\/p>\n<p style=\"text-align: center;\"><span style=\"font-size: 12pt;\"><b>ZADZWO\u0143 LUB <a href=\"mailto:fotograf@fotoursus.pl\">NAPISZ<\/a> TERAZ: 501 716 855<\/b><\/span><br \/>\n<span style=\"font-size: 12pt;\">Zaoszcz\u0119d\u017a czas i zarezerwuj termin Balu online &#8211; wygodnie i szybko!<\/span><\/p>\n<hr>\n<p><img loading=\"lazy\" decoding=\"async\" class=\"aligncenter size-full wp-image-199031\" src=\"http:\/\/fotoursus.pl\/wp-content\/uploads\/2023\/02\/bal8klas-studniowka_baner.jpg\" alt=\"\" width=\"1050\" height=\"120\" srcset=\"https:\/\/fotoursus.pl\/wp-content\/uploads\/2023\/02\/bal8klas-studniowka_baner.jpg 1050w, https:\/\/fotoursus.pl\/wp-content\/uploads\/2023\/02\/bal8klas-studniowka_baner-300x34.jpg 300w, https:\/\/fotoursus.pl\/wp-content\/uploads\/2023\/02\/bal8klas-studniowka_baner-1024x117.jpg 1024w, https:\/\/fotoursus.pl\/wp-content\/uploads\/2023\/02\/bal8klas-studniowka_baner-768x88.jpg 768w\" sizes=\"auto, (max-width: 1050px) 100vw, 1050px\" \/><\/p>\n<table id=\"oferta-cennik\" class=\"oferta\" style=\"width: 100%; height: 504px;\">\n<thead>\n<tr style=\"height: 15px;\">\n<th style=\"width: 19.1166%; height: 24px;\">&nbsp;<\/th>\n<th style=\"width: 26.0681%; height: 24px;\">&nbsp;<\/th>\n<th class=\"white\" style=\"border-radius: 10px 10px 0px 0px; width: 27.2991%; height: 24px;\">&nbsp;<\/th>\n<th style=\"width: 26.6474%; height: 24px;\">&nbsp;<\/th>\n<\/tr>\n<tr style=\"height: 96px;\">\n<th style=\"width: 19.1166%; height: 96px;\">&nbsp;<\/th>\n<th class=\"light\" style=\"width: 26.0681%; height: 96px;\">zdj\u0119cia z poloneza i cz\u0119\u015bci oficjalnej<\/th>\n<th class=\"white\" style=\"width: 27.2991%; height: 96px;\"><span style=\"font-size: 18pt; color: #4a2e10;\">zdj\u0119cia z poloneza, cz\u0119\u015bci oficjalnej i zabawy<\/span><br \/>\npolecane przez nas!<\/th>\n<th class=\"light\" style=\"width: 26.6474%; height: 96px;\">zdj\u0119cia z poloneza, cz\u0119\u015bci oficjalnej oraz zabawy + FILM<\/th>\n<\/tr>\n<\/thead>\n<tbody>\n<tr style=\"height: 24px;\">\n<td class=\"light\" style=\"width: 19.1166%; height: 24px;\"><strong>zdj\u0119cia z poloneza<\/strong><\/td>\n<td style=\"width: 26.0681%; height: 24px;\"><img loading=\"lazy\" decoding=\"async\" class=\"alignnone size-full wp-image-333\" src=\"https:\/\/fotoursus.pl\/wp-content\/uploads\/2016\/02\/ok.png\" alt=\"ok\" width=\"28\" height=\"16\"><\/td>\n<td class=\"white\" style=\"width: 27.2991%; height: 24px;\"><img loading=\"lazy\" decoding=\"async\" class=\"alignnone size-full wp-image-333\" src=\"https:\/\/fotoursus.pl\/wp-content\/uploads\/2016\/02\/ok.png\" alt=\"ok\" width=\"28\" height=\"16\"><\/td>\n<td style=\"width: 26.6474%; height: 24px;\"><img loading=\"lazy\" decoding=\"async\" class=\"alignnone size-full wp-image-333\" src=\"https:\/\/fotoursus.pl\/wp-content\/uploads\/2016\/02\/ok.png\" alt=\"ok\" width=\"28\" height=\"16\"><\/td>\n<\/tr>\n<tr style=\"height: 24px;\">\n<td class=\"light\" style=\"width: 19.1166%; height: 24px;\"><strong>zdj\u0119cia z cz\u0119\u015bci oficjalnej<\/strong><\/td>\n<td style=\"width: 26.0681%; height: 24px;\"><img loading=\"lazy\" decoding=\"async\" class=\"alignnone size-full wp-image-333\" src=\"https:\/\/fotoursus.pl\/wp-content\/uploads\/2016\/02\/ok.png\" alt=\"ok\" width=\"28\" height=\"16\"><\/td>\n<td class=\"white\" style=\"width: 27.2991%; height: 24px;\"><img loading=\"lazy\" decoding=\"async\" class=\"alignnone size-full wp-image-333\" src=\"https:\/\/fotoursus.pl\/wp-content\/uploads\/2016\/02\/ok.png\" alt=\"ok\" width=\"28\" height=\"16\"><\/td>\n<td style=\"width: 26.6474%; height: 24px;\"><img loading=\"lazy\" decoding=\"async\" class=\"alignnone size-full wp-image-333\" src=\"https:\/\/fotoursus.pl\/wp-content\/uploads\/2016\/02\/ok.png\" alt=\"ok\" width=\"28\" height=\"16\"><\/td>\n<\/tr>\n<tr style=\"height: 24px;\">\n<td class=\"light\" style=\"width: 19.1166%; height: 24px;\"><strong>zdj\u0119ciowa klasowe<\/strong><\/td>\n<td style=\"width: 26.0681%; height: 24px;\"><img loading=\"lazy\" decoding=\"async\" class=\"alignnone size-full wp-image-333\" src=\"https:\/\/fotoursus.pl\/wp-content\/uploads\/2016\/02\/ok.png\" alt=\"ok\" width=\"28\" height=\"16\"><\/td>\n<td class=\"white\" style=\"width: 27.2991%; height: 24px;\"><img loading=\"lazy\" decoding=\"async\" class=\"alignnone size-full wp-image-333\" src=\"https:\/\/fotoursus.pl\/wp-content\/uploads\/2016\/02\/ok.png\" alt=\"ok\" width=\"28\" height=\"16\"><\/td>\n<td style=\"width: 26.6474%; height: 24px;\">&nbsp;<img loading=\"lazy\" decoding=\"async\" class=\"alignnone size-full wp-image-333\" src=\"https:\/\/fotoursus.pl\/wp-content\/uploads\/2016\/02\/ok.png\" alt=\"ok\" width=\"28\" height=\"16\"><\/td>\n<\/tr>\n<tr style=\"height: 24px;\">\n<td style=\"width: 19.1166%; height: 24px; background-color: #e5e3da;\"><strong>sesja kole\u017ce\u0144ska i rodzinna<\/strong><\/td>\n<td style=\"width: 26.0681%; height: 24px;\"><img loading=\"lazy\" decoding=\"async\" class=\"alignnone size-full wp-image-333\" src=\"https:\/\/fotoursus.pl\/wp-content\/uploads\/2016\/02\/ok.png\" alt=\"ok\" width=\"28\" height=\"16\"><\/td>\n<td style=\"width: 27.2991%; height: 24px; background-color: #fdfdfd;\"><img loading=\"lazy\" decoding=\"async\" class=\"alignnone size-full wp-image-333\" src=\"https:\/\/fotoursus.pl\/wp-content\/uploads\/2016\/02\/ok.png\" alt=\"ok\" width=\"28\" height=\"16\"><\/td>\n<td style=\"width: 26.6474%; height: 24px;\"><img loading=\"lazy\" decoding=\"async\" class=\"alignnone size-full wp-image-333\" src=\"https:\/\/fotoursus.pl\/wp-content\/uploads\/2016\/02\/ok.png\" alt=\"ok\" width=\"28\" height=\"16\"><\/td>\n<\/tr>\n<tr style=\"height: 48px;\">\n<td class=\"light\" style=\"width: 19.1166%; height: 48px;\"><strong>zdj\u0119cia z zabawy &#8211; 2 godziny<\/strong><\/td>\n<td style=\"width: 26.0681%; height: 48px;\">&#8211;<\/td>\n<td class=\"white\" style=\"width: 27.2991%; height: 48px;\"><img loading=\"lazy\" decoding=\"async\" class=\"alignnone size-full wp-image-333\" src=\"https:\/\/fotoursus.pl\/wp-content\/uploads\/2016\/02\/ok.png\" alt=\"ok\" width=\"28\" height=\"16\"><\/td>\n<td style=\"width: 26.6474%; height: 48px;\"><img loading=\"lazy\" decoding=\"async\" class=\"alignnone size-full wp-image-333\" src=\"https:\/\/fotoursus.pl\/wp-content\/uploads\/2016\/02\/ok.png\" alt=\"ok\" width=\"28\" height=\"16\"><\/td>\n<\/tr>\n<tr style=\"height: 24px;\">\n<td class=\"light\" style=\"width: 19.1166%; height: 24px;\"><strong>galeria on-line<\/strong><\/td>\n<td style=\"width: 26.0681%; height: 24px;\"><img loading=\"lazy\" decoding=\"async\" class=\"alignnone size-full wp-image-333\" src=\"https:\/\/fotoursus.pl\/wp-content\/uploads\/2016\/02\/ok.png\" alt=\"ok\" width=\"28\" height=\"16\"><\/td>\n<td class=\"white\" style=\"width: 27.2991%; height: 24px;\"><img loading=\"lazy\" decoding=\"async\" class=\"alignnone size-full wp-image-333\" src=\"https:\/\/fotoursus.pl\/wp-content\/uploads\/2016\/02\/ok.png\" alt=\"ok\" width=\"28\" height=\"16\"><\/td>\n<td style=\"width: 26.6474%; height: 24px;\"><img loading=\"lazy\" decoding=\"async\" class=\"alignnone size-full wp-image-333\" src=\"https:\/\/fotoursus.pl\/wp-content\/uploads\/2016\/02\/ok.png\" alt=\"ok\" width=\"28\" height=\"16\"><\/td>\n<\/tr>\n<tr style=\"height: 24px;\">\n<td style=\"width: 19.1166%; height: 24px; background-color: #e5e3da;\"><strong>mo\u017cliwo\u015b\u0107 zamawiania odbitek<\/strong><\/td>\n<td style=\"width: 26.0681%; height: 24px;\"><img loading=\"lazy\" decoding=\"async\" class=\"alignnone size-full wp-image-333\" src=\"https:\/\/fotoursus.pl\/wp-content\/uploads\/2016\/02\/ok.png\" alt=\"ok\" width=\"28\" height=\"16\"><\/td>\n<td style=\"width: 27.2991%; height: 24px; background-color: #fdfdfd;\"><img loading=\"lazy\" decoding=\"async\" class=\"alignnone size-full wp-image-333\" src=\"https:\/\/fotoursus.pl\/wp-content\/uploads\/2016\/02\/ok.png\" alt=\"ok\" width=\"28\" height=\"16\"><\/td>\n<td style=\"width: 26.6474%; height: 24px;\"><img loading=\"lazy\" decoding=\"async\" class=\"alignnone size-full wp-image-333\" src=\"https:\/\/fotoursus.pl\/wp-content\/uploads\/2016\/02\/ok.png\" alt=\"ok\" width=\"28\" height=\"16\"><\/td>\n<\/tr>\n<tr style=\"height: 48px;\">\n<td style=\"width: 19.1166%; height: 48px; background-color: #e5e3da;\"><strong>film z poloneza i cz\u0119\u015bci oficjalnej<\/strong><\/td>\n<td style=\"width: 26.0681%; height: 48px;\">&#8211;<\/td>\n<td style=\"width: 27.2991%; height: 48px; background-color: #fdfdfd;\">&#8211;<\/td>\n<td style=\"width: 26.6474%; height: 48px;\"><img loading=\"lazy\" decoding=\"async\" class=\"alignnone size-full wp-image-333\" src=\"https:\/\/fotoursus.pl\/wp-content\/uploads\/2016\/02\/ok.png\" alt=\"ok\" width=\"28\" height=\"16\"><\/td>\n<\/tr>\n<tr style=\"height: 48px;\">\n<td style=\"width: 19.1166%; height: 48px; background-color: #e5e3da;\"><strong>liczba zdj\u0119\u0107<\/strong> (orientacyjnie, liczba zdj\u0119\u0107 jest uzale\u017cniona od liczby uczni\u00f3w)<\/td>\n<td style=\"width: 26.0681%; height: 48px;\">min. 400<\/td>\n<td style=\"width: 27.2991%; height: 48px; background-color: #fdfdfd;\">min. 600<\/td>\n<td style=\"width: 26.6474%; height: 48px;\">min. 600<\/td>\n<\/tr>\n<tr style=\"height: 24px;\">\n<td class=\"light\" style=\"width: 19.1166%; height: 24px;\"><strong>termin oddania zdj\u0119\u0107\/filmu<\/strong><\/td>\n<td style=\"width: 26.0681%; height: 24px;\">Do 21 dni<\/td>\n<td class=\"white\" style=\"width: 27.2991%; height: 24px;\">Do 21 dni<\/td>\n<td style=\"width: 26.6474%; height: 24px;\">Do 21 dni<\/td>\n<\/tr>\n<tr style=\"height: 48px;\">\n<td class=\"light\" style=\"width: 19.1166%; height: 48px;\"><strong>cena<\/strong><\/td>\n<td style=\"width: 26.0681%; height: 48px;\"><div class=\"rounded yellow\"><span class=\"lbl\">Cena<\/span><span class=\"txt\">2650 z\u0142<\/span><\/div><\/td>\n<td class=\"white\" style=\"border-bottom: 0px; width: 27.2991%; height: 48px;\"><div class=\"rounded brown\"><span class=\"lbl\">Cena<\/span><span class=\"txt\">2950 z\u0142<\/span><\/div><\/td>\n<td style=\"width: 26.6474%; height: 48px;\"><div class=\"rounded yellow\"><span class=\"lbl\">Cena<\/span><span class=\"txt\">5950 z\u0142<\/span><\/div><\/td>\n<\/tr>\n<tr style=\"height: 15px;\">\n<td style=\"width: 19.1166%; height: 24px;\">&nbsp;<\/td>\n<td style=\"width: 26.0681%; height: 24px;\">&nbsp;<\/td>\n<td class=\"white\" style=\"border-radius: 0px 0px 10px 10px; width: 27.2991%; height: 24px;\">&nbsp;<\/td>\n<td style=\"width: 26.6474%; height: 24px;\">&nbsp;<\/td>\n<\/tr>\n<\/tbody>\n<\/table>\n<div class=\"table-responsive\">&nbsp;<\/div>\n<div>\n<div style=\"padding: 56.25% 0 0 0; position: relative;\"><iframe loading=\"lazy\" style=\"position: absolute; top: 0; left: 0; width: 100%; height: 100%;\" title=\"Studni&amp;oacute;wka XXI LO im. Hugona Ko\u0142\u0142\u0105taja\" src=\"\/\/player.vimeo.com\/video\/795046551?title=0&amp;amp;byline=0\" width=\"425\" height=\"350\" frameborder=\"0\" allowfullscreen=\"allowfullscreen\" data-mce-fragment=\"1\"><\/iframe><\/div>\n<p><script src=\"https:\/\/player.vimeo.com\/api\/player.js\"><\/script><\/p>\n<\/div>\n<div>ngg_shortcode_1_placeholder<\/div>","protected":false},"excerpt":{"rendered":"<p>Bal Studni\u00f3wkowy&#8230; co\u017c to za wspania\u0142e wydarzenie! Kole\u017canki i koledzy z klasy tacy sami, ale jednak inni: wszyscy eleganccy i tacy od\u015bwi\u0119tni. Kto nie pami\u0119ta emocji, kt\u00f3re pojawiaj\u0105 si\u0119 [&hellip;]<\/p>\n","protected":false},"author":1,"featured_media":0,"parent":23,"menu_order":0,"comment_status":"closed","ping_status":"closed","template":"template-page.php","meta":{"_acf_changed":false,"_monsterinsights_skip_tracking":false,"_monsterinsights_sitenote_active":false,"_monsterinsights_sitenote_note":"","_monsterinsights_sitenote_category":0,"ngg_post_thumbnail":0,"footnotes":""},"class_list":["post-196728","page","type-page","status-publish","hentry"],"acf":[],"_links":{"self":[{"href":"https:\/\/fotoursus.pl\/en\/wp-json\/wp\/v2\/pages\/196728","targetHints":{"allow":["GET"]}}],"collection":[{"href":"https:\/\/fotoursus.pl\/en\/wp-json\/wp\/v2\/pages"}],"about":[{"href":"https:\/\/fotoursus.pl\/en\/wp-json\/wp\/v2\/types\/page"}],"author":[{"embeddable":true,"href":"https:\/\/fotoursus.pl\/en\/wp-json\/wp\/v2\/users\/1"}],"replies":[{"embeddable":true,"href":"https:\/\/fotoursus.pl\/en\/wp-json\/wp\/v2\/comments?post=196728"}],"version-history":[{"count":39,"href":"https:\/\/fotoursus.pl\/en\/wp-json\/wp\/v2\/pages\/196728\/revisions"}],"predecessor-version":[{"id":217369,"href":"https:\/\/fotoursus.pl\/en\/wp-json\/wp\/v2\/pages\/196728\/revisions\/217369"}],"up":[{"embeddable":true,"href":"https:\/\/fotoursus.pl\/en\/wp-json\/wp\/v2\/pages\/23"}],"wp:attachment":[{"href":"https:\/\/fotoursus.pl\/en\/wp-json\/wp\/v2\/media?parent=196728"}],"curies":[{"name":"wp","href":"https:\/\/api.w.org\/{rel}","templated":true}]}}