{"id":67119,"date":"2018-05-15T11:52:24","date_gmt":"2018-05-15T09:52:24","guid":{"rendered":"https:\/\/fotoursus.pl\/?page_id=67119"},"modified":"2024-01-02T12:40:41","modified_gmt":"2024-01-02T11:40:41","slug":"polityka-prywatnosci","status":"publish","type":"page","link":"https:\/\/fotoursus.pl\/en\/polityka-prywatnosci\/","title":{"rendered":"Privacy policy"},"content":{"rendered":"<p>Polityka prywatno\u015bci strony internetowej&nbsp;<a href=\"https:\/\/www.fotoursus.pl\">www.fotoursus.pl<\/a><br \/>\n1. Niniejsza Polityka Prywatno\u015bci okre\u015bla zasady przetwarzania i ochrony danych osobowych przekazanych przez U\u017cytkownik\u00f3w w zwi\u0105zku z korzystaniem przez nich z us\u0142ug oferowanych poprzez&nbsp;<a href=\"https:\/\/www.fotoursus.pl\">fotoursus.pl<\/a><\/p>\n<p>2. Administratorem danych osobowych zawartych w serwisie jest: <strong>Fotografia i Reklama Piotr Margas Sp\u00f3\u0142ka Komandytowo-Akcyjna<\/strong><\/p>\n<p>3. W trosce o bezpiecze\u0144stwo powierzonych nam danych opracowali\u015bmy wewn\u0119trzne procedury i zalecenia, kt\u00f3re maj\u0105 zapobiec udost\u0119pnieniu danych osobom nieupowa\u017cnionym. Kontrolujemy ich wykonywanie i stale sprawdzamy ich zgodno\u015b\u0107 z odpowiednimi aktami prawnymi \u2013 ustaw\u0105 o ochronie danych osobowych, ustaw\u0105 o \u015bwiadczeniu us\u0142ug drog\u0105 elektroniczn\u0105, a tak\u017ce wszelkiego rodzaju aktami wykonawczymi i aktami prawa wsp\u00f3lnotowego, przede wszystkim Rozporz\u0105dzeniem Parlamentu Europejskiego i Rady (UE) 2016\/679 z dnia 27 kwietnia 2016 r. w sprawie ochrony os\u00f3b fizycznych w zwi\u0105zku z przetwarzaniem danych osobowych i w sprawie swobodnego przep\u0142ywu takich danych oraz uchylenia dyrektywy 95\/46\/WE (og\u00f3lne rozporz\u0105dzenie o ochronie danych \u2013 dalej RODO).<\/p>\n<p>4. Dane Osobowe przetwarzane s\u0105 na podstawie dobrowolnej zgody wyra\u017conej przez U\u017cytkownika oraz w przypadkach, w kt\u00f3rych przepisy prawa upowa\u017cniaj\u0105 Administratora do przetwarzania danych osobowych na podstawie przepis\u00f3w prawa lub w celu realizacji zawartej pomi\u0119dzy stronami umowy.<\/p>\n<p>5. Serwis realizuje funkcje pozyskiwania informacji o u\u017cytkownikach i ich zachowaniach w nast\u0119puj\u0105cy spos\u00f3b:<br \/>\na) poprzez dobrowolnie wprowadzone w formularzach informacje,<br \/>\nb) poprzez gromadzenie plik\u00f3w \u201ccookies\u201d.&nbsp;<\/p>\n<p>6. Serwis zbiera informacje dobrowolnie podane przez u\u017cytkownika.&nbsp;<\/p>\n<p>7. Dane podane w formularzu s\u0105 przetwarzane w celu wynikaj\u0105cym z funkcji konkretnego formularza np. w celu przedstawienia oferty przez Administratora.<\/p>\n<p>8. Dane osobowe pozostawione w serwisie nie zostan\u0105 sprzedane ani udost\u0119pnione osobom trzecim, zgodnie z przepisami Ustawy o ochronie danych osobowych.<\/p>\n<p>9. Do danych zawartych w formularzu przys\u0142uguje w ka\u017cdym momencie wgl\u0105d osobie fizycznej, kt\u00f3ra je tam umie\u015bci\u0142a. Osoba ta ma r\u00f3wnie\u017c prawo do ich sprostowania, usuni\u0119cia lub ograniczenia przetwarzania, prawo do wniesienia sprzeciwu wobec przetwarzania, a tak\u017ce prawo do przenoszenia danych.<\/p>\n<p>10. Je\u017celi osoba, kt\u00f3rej dane s\u0105 przechowywane przez Administratora uzna, \u017ce dane przetwarzane s\u0105 niezgodnie z przepisami prawa, przys\u0142uguje jej prawo wniesienia skargi do organu nadzorczego.<\/p>\n<p>11. Dane osobowe przechowywane b\u0119d\u0105 przez Administratora przez okres prowadzenia przez niego dzia\u0142alno\u015bci, chyba \u017ce wcze\u015bniej u\u017cytkownik zrezygnuje ze \u015bwiadczonych us\u0142ug, co spowoduje trwa\u0142e usuni\u0119cie danych z bazy.<\/p>\n<p>12. Zastrzegamy sobie prawo do zmiany w polityce ochrony prywatno\u015bci serwisu, na kt\u00f3re mo\u017ce wp\u0142yn\u0105\u0107 rozw\u00f3j technologii internetowej, ewentualne zmiany prawa w zakresie ochrony danych osobowych oraz rozw\u00f3j naszego serwisu internetowego. O wszelkich zmianach b\u0119dziemy informowa\u0107 w spos\u00f3b widoczny i zrozumia\u0142y.<\/p>\n<p>13. W razie w\u0105tpliwo\u015bci co kt\u00f3regokolwiek z zapis\u00f3w niniejszej polityki prywatno\u015bci jeste\u015bmy do dyspozycji \u2013 nasze dane znale\u017a\u0107 mo\u017cna w zak\u0142adce \u2013 <a href=\"https:\/\/fotoursus.pl\/kontakt\/\">KONTAKT<\/a><\/p>\n","protected":false},"excerpt":{"rendered":"<p>Polityka prywatno\u015bci strony internetowej&nbsp;www.fotoursus.pl 1. Niniejsza Polityka Prywatno\u015bci okre\u015bla zasady przetwarzania i ochrony danych osobowych przekazanych przez U\u017cytkownik\u00f3w w zwi\u0105zku z korzystaniem przez nich z us\u0142ug oferowanych poprzez&nbsp;fotoursus.pl 2. [&hellip;]<\/p>\n","protected":false},"author":1,"featured_media":0,"parent":0,"menu_order":0,"comment_status":"closed","ping_status":"closed","template":"template-page.php","meta":{"_acf_changed":false,"_monsterinsights_skip_tracking":false,"_monsterinsights_sitenote_active":false,"_monsterinsights_sitenote_note":"","_monsterinsights_sitenote_category":0,"ngg_post_thumbnail":0,"footnotes":""},"class_list":["post-67119","page","type-page","status-publish","hentry"],"acf":[],"_links":{"self":[{"href":"https:\/\/fotoursus.pl\/en\/wp-json\/wp\/v2\/pages\/67119","targetHints":{"allow":["GET"]}}],"collection":[{"href":"https:\/\/fotoursus.pl\/en\/wp-json\/wp\/v2\/pages"}],"about":[{"href":"https:\/\/fotoursus.pl\/en\/wp-json\/wp\/v2\/types\/page"}],"author":[{"embeddable":true,"href":"https:\/\/fotoursus.pl\/en\/wp-json\/wp\/v2\/users\/1"}],"replies":[{"embeddable":true,"href":"https:\/\/fotoursus.pl\/en\/wp-json\/wp\/v2\/comments?post=67119"}],"version-history":[{"count":8,"href":"https:\/\/fotoursus.pl\/en\/wp-json\/wp\/v2\/pages\/67119\/revisions"}],"predecessor-version":[{"id":210163,"href":"https:\/\/fotoursus.pl\/en\/wp-json\/wp\/v2\/pages\/67119\/revisions\/210163"}],"wp:attachment":[{"href":"https:\/\/fotoursus.pl\/en\/wp-json\/wp\/v2\/media?parent=67119"}],"curies":[{"name":"wp","href":"https:\/\/api.w.org\/{rel}","templated":true}]}}